{"id":9786,"date":"2024-07-11T18:33:12","date_gmt":"2024-07-11T21:33:12","guid":{"rendered":"https:\/\/hncom.cl\/?page_id=9786"},"modified":"2024-10-09T12:09:41","modified_gmt":"2024-10-09T15:09:41","slug":"energia","status":"publish","type":"page","link":"https:\/\/hncom.cl\/index.php\/energia\/","title":{"rendered":"Energ\u00eda"},"content":{"rendered":"<section class=\"l-section wpb_row height_custom\"><div class=\"l-section-h i-cf\"><div class=\"g-cols vc_row via_grid cols_2-1 laptops-cols_inherit tablets-cols_inherit mobiles-cols_1 valign_top type_default stacking_default\"><div class=\"wpb_column vc_column_container txt-centrado\"><div class=\"vc_column-inner\"><div class=\"wpb_text_column us_custom_de69c693\"><div class=\"wpb_wrapper\"><h2><strong>Plataforma Gesti\u00f3n de Radios y Reparaciones<\/strong><\/h2>\n<\/div><\/div><div class=\"w-separator size_medium\"><\/div><div class=\"wpb_text_column us_custom_031668c7\"><div class=\"wpb_wrapper\"><h5>Nuestra plataforma avanzada permite gestionar eficientemente sus equipos de radio y realizar reparaciones r\u00e1pidas y efectivas.<\/h5>\n<\/div><\/div><\/div><\/div><div class=\"wpb_column vc_column_container\"><div class=\"vc_column-inner\"><div class=\"w-vwrapper us_custom_6b16ffcd align_center valign_middle\"><div class=\"w-separator size_medium\"><\/div><div class=\"wpb_text_column\"><div class=\"wpb_wrapper\"><h6 style=\"text-align: center;\">Para m\u00e1s informaci\u00f3n<\/h6>\n<\/div><\/div><div class=\"w-btn-wrapper align_center\"><a class=\"w-btn us-btn-style_1\" href=\"https:\/\/www.radioservice.cl\/\"><span class=\"w-btn-label\">haz click aqu\u00ed<\/span><\/a><\/div><div class=\"w-separator size_medium\"><\/div><\/div><\/div><\/div><\/div><\/div><\/section><section class=\"l-section wpb_row us_custom_fe9ce664 height_small\"><div class=\"l-section-h i-cf\"><div class=\"g-cols vc_row via_grid cols_2 laptops-cols_inherit tablets-cols_inherit mobiles-cols_1 valign_top type_default stacking_default\"><div class=\"wpb_column vc_column_container txt-centrado\"><div class=\"vc_column-inner\"><div class=\"wpb_text_column us_custom_de69c693\"><div class=\"wpb_wrapper\"><h3><strong>Plataforma de Gesti\u00f3n de Energ\u00eda<\/strong><\/h3>\n<\/div><\/div><div class=\"w-separator size_small\"><\/div><div class=\"wpb_text_column us_custom_031668c7\"><div class=\"wpb_wrapper\"><p>Implementamos plataformas que permiten la gesti\u00f3n calculo eficiente de respaldos energ\u00e9ticos, de equipos\u00a0cr\u00edticos.<\/p>\n<\/div><\/div><div class=\"w-separator size_small\"><\/div><div class=\"wpb_text_column us_custom_031668c7\"><div class=\"wpb_wrapper\"><div class=\"divtags\">\n<h1>Plataforma de Gesti\u00f3n de Energ\u00eda<\/h1>\n<\/div>\n<\/div><\/div><\/div><\/div><div class=\"wpb_column vc_column_container\"><div class=\"vc_column-inner\"><div class=\"w-image us_custom_fc8f0ae6 align_none\"><div class=\"w-image-h\"><img decoding=\"async\" width=\"610\" height=\"511\" data-src=\"https:\/\/hncom.cl\/wp-content\/uploads\/2024\/07\/Puede-el-software-de-Gestion-de-Energia-de-Wenu-Work-agregar-valor-a-la-operacion-de-tu-empresa.jpg\" class=\"attachment-large size-large lazyload\" alt=\"\" data-srcset=\"https:\/\/hncom.cl\/wp-content\/uploads\/2024\/07\/Puede-el-software-de-Gestion-de-Energia-de-Wenu-Work-agregar-valor-a-la-operacion-de-tu-empresa.jpg 610w, https:\/\/hncom.cl\/wp-content\/uploads\/2024\/07\/Puede-el-software-de-Gestion-de-Energia-de-Wenu-Work-agregar-valor-a-la-operacion-de-tu-empresa-300x251.jpg 300w, https:\/\/hncom.cl\/wp-content\/uploads\/2024\/07\/Puede-el-software-de-Gestion-de-Energia-de-Wenu-Work-agregar-valor-a-la-operacion-de-tu-empresa-600x503.jpg 600w\" data-sizes=\"auto, (max-width: 610px) 100vw, 610px\" src=\"data:image\/svg+xml;base64,PHN2ZyB3aWR0aD0iMSIgaGVpZ2h0PSIxIiB4bWxucz0iaHR0cDovL3d3dy53My5vcmcvMjAwMC9zdmciPjwvc3ZnPg==\" style=\"--smush-placeholder-width: 610px; --smush-placeholder-aspect-ratio: 610\/511;\" \/><\/div><\/div><\/div><\/div><\/div><\/div><\/section><section class=\"l-section wpb_row hide_on_tablets hide_on_mobiles height_small\" id=\"Vista-PC\"><div class=\"l-section-h i-cf\"><div class=\"g-cols vc_row via_grid cols_2 laptops-cols_inherit tablets-cols_inherit mobiles-cols_1 valign_top type_default stacking_default\"><div class=\"wpb_column vc_column_container\"><div class=\"vc_column-inner\"><div class=\"w-image us_custom_49085ac1 align_none\"><div class=\"w-image-h\"><img decoding=\"async\" width=\"1024\" height=\"576\" data-src=\"https:\/\/hncom.cl\/wp-content\/uploads\/2024\/07\/solar-panel-5542443_1920-1024x576-1.jpg\" class=\"attachment-large size-large lazyload\" alt=\"\" data-srcset=\"https:\/\/hncom.cl\/wp-content\/uploads\/2024\/07\/solar-panel-5542443_1920-1024x576-1.jpg 1024w, https:\/\/hncom.cl\/wp-content\/uploads\/2024\/07\/solar-panel-5542443_1920-1024x576-1-300x169.jpg 300w, https:\/\/hncom.cl\/wp-content\/uploads\/2024\/07\/solar-panel-5542443_1920-1024x576-1-600x338.jpg 600w\" data-sizes=\"auto, (max-width: 1024px) 100vw, 1024px\" src=\"data:image\/svg+xml;base64,PHN2ZyB3aWR0aD0iMSIgaGVpZ2h0PSIxIiB4bWxucz0iaHR0cDovL3d3dy53My5vcmcvMjAwMC9zdmciPjwvc3ZnPg==\" style=\"--smush-placeholder-width: 1024px; --smush-placeholder-aspect-ratio: 1024\/576;\" \/><\/div><\/div><\/div><\/div><div class=\"wpb_column vc_column_container txt-centrado\"><div class=\"vc_column-inner\"><div class=\"wpb_text_column\"><div class=\"wpb_wrapper\"><h3><strong>Proyectos PV<\/strong><\/h3>\n<\/div><\/div><div class=\"w-separator size_small\"><\/div><div class=\"wpb_text_column\"><div class=\"wpb_wrapper\"><p>Desarrollamos proyectos de energ\u00eda solar fotovoltaica (PV) que ofrecen soluciones sostenibles y eficientes para la generaci\u00f3n de energ\u00eda.<\/p>\n<\/div><\/div><div class=\"w-separator size_small\"><\/div><div class=\"wpb_text_column us_custom_031668c7\"><div class=\"wpb_wrapper\"><div class=\"divtags\">\n<h1>Proyectos PV<\/h1>\n<\/div>\n<\/div><\/div><\/div><\/div><\/div><\/div><\/section><section class=\"l-section wpb_row hide_on_default hide_on_laptops height_small\" id=\"Vista-Movil\"><div class=\"l-section-h i-cf\"><div class=\"g-cols vc_row via_grid cols_2 laptops-cols_inherit tablets-cols_inherit mobiles-cols_1 valign_top type_default stacking_default\"><div class=\"wpb_column vc_column_container txt-centrado\"><div class=\"vc_column-inner\"><div class=\"wpb_text_column\"><div class=\"wpb_wrapper\"><h3 style=\"text-align: center;\"><strong>Proyectos PV<\/strong><\/h3>\n<\/div><\/div><div class=\"w-separator size_small\"><\/div><div class=\"wpb_text_column\"><div class=\"wpb_wrapper\"><p style=\"text-align: justify;\">Desarrollamos proyectos de energ\u00eda solar fotovoltaica (PV) que ofrecen soluciones sostenibles y eficientes para la generaci\u00f3n de energ\u00eda.<\/p>\n<\/div><\/div><div class=\"w-separator size_small\"><\/div><div class=\"wpb_text_column us_custom_031668c7\"><div class=\"wpb_wrapper\"><div class=\"divtags\">\n<h1>Proyectos PV<\/h1>\n<\/div>\n<\/div><\/div><\/div><\/div><div class=\"wpb_column vc_column_container\"><div class=\"vc_column-inner\"><div class=\"w-image align_none\"><div class=\"w-image-h\"><img decoding=\"async\" width=\"1024\" height=\"576\" data-src=\"https:\/\/hncom.cl\/wp-content\/uploads\/2024\/07\/solar-panel-5542443_1920-1024x576-1.jpg\" class=\"attachment-large size-large lazyload\" alt=\"\" data-srcset=\"https:\/\/hncom.cl\/wp-content\/uploads\/2024\/07\/solar-panel-5542443_1920-1024x576-1.jpg 1024w, https:\/\/hncom.cl\/wp-content\/uploads\/2024\/07\/solar-panel-5542443_1920-1024x576-1-300x169.jpg 300w, https:\/\/hncom.cl\/wp-content\/uploads\/2024\/07\/solar-panel-5542443_1920-1024x576-1-600x338.jpg 600w\" data-sizes=\"auto, (max-width: 1024px) 100vw, 1024px\" src=\"data:image\/svg+xml;base64,PHN2ZyB3aWR0aD0iMSIgaGVpZ2h0PSIxIiB4bWxucz0iaHR0cDovL3d3dy53My5vcmcvMjAwMC9zdmciPjwvc3ZnPg==\" style=\"--smush-placeholder-width: 1024px; --smush-placeholder-aspect-ratio: 1024\/576;\" \/><\/div><\/div><\/div><\/div><\/div><\/div><\/section><section class=\"l-section wpb_row us_custom_fe9ce664 height_small\"><div class=\"l-section-h i-cf\"><div class=\"g-cols vc_row via_grid cols_2 laptops-cols_inherit tablets-cols_inherit mobiles-cols_1 valign_top type_default stacking_default\"><div class=\"wpb_column vc_column_container txt-centrado\"><div class=\"vc_column-inner\"><div class=\"wpb_text_column us_custom_de69c693\"><div class=\"wpb_wrapper\"><h3><strong>Respaldos de Energ\u00eda UPS<\/strong><\/h3>\n<\/div><\/div><div class=\"w-separator size_small\"><\/div><div class=\"wpb_text_column us_custom_031668c7\"><div class=\"wpb_wrapper\"><p>Ofrecemos soluciones de respaldo de energ\u00eda para garantizar la continuidad operativa en caso de fallos el\u00e9ctricos.<\/p>\n<\/div><\/div><div class=\"w-separator size_small\"><\/div><div class=\"wpb_text_column us_custom_031668c7\"><div class=\"wpb_wrapper\"><div class=\"divtags\">\n<h1>Respaldos de Energ\u00eda UPS<\/h1>\n<\/div>\n<\/div><\/div><\/div><\/div><div class=\"wpb_column vc_column_container\"><div class=\"vc_column-inner\"><div class=\"w-image align_none\"><div class=\"w-image-h\"><img decoding=\"async\" width=\"699\" height=\"284\" data-src=\"https:\/\/hncom.cl\/wp-content\/uploads\/2024\/07\/ups_ppal.png\" class=\"attachment-large size-large lazyload\" alt=\"\" data-srcset=\"https:\/\/hncom.cl\/wp-content\/uploads\/2024\/07\/ups_ppal.png 699w, https:\/\/hncom.cl\/wp-content\/uploads\/2024\/07\/ups_ppal-300x122.png 300w, https:\/\/hncom.cl\/wp-content\/uploads\/2024\/07\/ups_ppal-600x244.png 600w\" data-sizes=\"auto, (max-width: 699px) 100vw, 699px\" src=\"data:image\/svg+xml;base64,PHN2ZyB3aWR0aD0iMSIgaGVpZ2h0PSIxIiB4bWxucz0iaHR0cDovL3d3dy53My5vcmcvMjAwMC9zdmciPjwvc3ZnPg==\" style=\"--smush-placeholder-width: 699px; --smush-placeholder-aspect-ratio: 699\/284;\" \/><\/div><\/div><\/div><\/div><\/div><\/div><\/section><section class=\"l-section wpb_row hide_on_tablets hide_on_mobiles height_small\" id=\"Vista-PC\"><div class=\"l-section-h i-cf\"><div class=\"g-cols vc_row via_grid cols_2 laptops-cols_inherit tablets-cols_inherit mobiles-cols_1 valign_top type_default stacking_default\"><div class=\"wpb_column vc_column_container\"><div class=\"vc_column-inner\"><div class=\"w-image us_custom_3a3f0a31 align_none\"><div class=\"w-image-h\"><img decoding=\"async\" width=\"800\" height=\"515\" data-src=\"https:\/\/hncom.cl\/wp-content\/uploads\/2024\/07\/Sin-titulo.png\" class=\"attachment-large size-large lazyload\" alt=\"\" data-srcset=\"https:\/\/hncom.cl\/wp-content\/uploads\/2024\/07\/Sin-titulo.png 800w, https:\/\/hncom.cl\/wp-content\/uploads\/2024\/07\/Sin-titulo-300x193.png 300w, https:\/\/hncom.cl\/wp-content\/uploads\/2024\/07\/Sin-titulo-600x386.png 600w\" data-sizes=\"auto, (max-width: 800px) 100vw, 800px\" src=\"data:image\/svg+xml;base64,PHN2ZyB3aWR0aD0iMSIgaGVpZ2h0PSIxIiB4bWxucz0iaHR0cDovL3d3dy53My5vcmcvMjAwMC9zdmciPjwvc3ZnPg==\" style=\"--smush-placeholder-width: 800px; --smush-placeholder-aspect-ratio: 800\/515;\" \/><\/div><\/div><\/div><\/div><div class=\"wpb_column vc_column_container txt-centrado\"><div class=\"vc_column-inner\"><div class=\"wpb_text_column\"><div class=\"wpb_wrapper\"><h3 style=\"text-align: left;\"><strong>Bancos de Energ\u00eda Modulares<\/strong><\/h3>\n<\/div><\/div><div class=\"w-separator size_small\"><\/div><div class=\"wpb_text_column\"><div class=\"wpb_wrapper\"><p>Ofrecemos soluciones de respaldo de energ\u00eda para garantizar la continuidad operativa en caso de fallos el\u00e9ctricos.<\/p>\n<\/div><\/div><div class=\"w-separator size_small\"><\/div><div class=\"wpb_text_column us_custom_031668c7\"><div class=\"wpb_wrapper\"><div class=\"divtags\">\n<h1>Bancos de Energ\u00eda Modulares<\/h1>\n<\/div>\n<\/div><\/div><\/div><\/div><\/div><\/div><\/section><section class=\"l-section wpb_row hide_on_default hide_on_laptops height_small\" id=\"Vista-Movil\"><div class=\"l-section-h i-cf\"><div class=\"g-cols vc_row via_grid cols_2 laptops-cols_inherit tablets-cols_inherit mobiles-cols_1 valign_top type_default stacking_default\"><div class=\"wpb_column vc_column_container txt-centrado\"><div class=\"vc_column-inner\"><div class=\"wpb_text_column\"><div class=\"wpb_wrapper\"><h3 style=\"text-align: center;\"><strong>Bancos de Energ\u00eda Modulares<\/strong><\/h3>\n<\/div><\/div><div class=\"w-separator size_small\"><\/div><div class=\"wpb_text_column\"><div class=\"wpb_wrapper\"><p style=\"text-align: justify;\">Ofrecemos soluciones de respaldo de energ\u00eda para garantizar la continuidad operativa en caso de fallos el\u00e9ctricos.<\/p>\n<\/div><\/div><div class=\"w-separator size_small\"><\/div><div class=\"wpb_text_column us_custom_031668c7\"><div class=\"wpb_wrapper\"><div class=\"divtags\">\n<h1>Bancos de Energ\u00eda Modulares<\/h1>\n<\/div>\n<\/div><\/div><\/div><\/div><div class=\"wpb_column vc_column_container\"><div class=\"vc_column-inner\"><div class=\"w-image us_custom_3a3f0a31 align_none\"><div class=\"w-image-h\"><img decoding=\"async\" width=\"800\" height=\"515\" data-src=\"https:\/\/hncom.cl\/wp-content\/uploads\/2024\/07\/Sin-titulo.png\" class=\"attachment-large size-large lazyload\" alt=\"\" data-srcset=\"https:\/\/hncom.cl\/wp-content\/uploads\/2024\/07\/Sin-titulo.png 800w, https:\/\/hncom.cl\/wp-content\/uploads\/2024\/07\/Sin-titulo-300x193.png 300w, https:\/\/hncom.cl\/wp-content\/uploads\/2024\/07\/Sin-titulo-600x386.png 600w\" data-sizes=\"auto, (max-width: 800px) 100vw, 800px\" src=\"data:image\/svg+xml;base64,PHN2ZyB3aWR0aD0iMSIgaGVpZ2h0PSIxIiB4bWxucz0iaHR0cDovL3d3dy53My5vcmcvMjAwMC9zdmciPjwvc3ZnPg==\" style=\"--smush-placeholder-width: 800px; --smush-placeholder-aspect-ratio: 800\/515;\" \/><\/div><\/div><\/div><\/div><\/div><\/div><\/section><section class=\"l-section wpb_row us_custom_fe9ce664 height_small\"><div class=\"l-section-h i-cf\"><div class=\"g-cols vc_row via_grid cols_2 laptops-cols_inherit tablets-cols_inherit mobiles-cols_1 valign_top type_default stacking_default\"><div class=\"wpb_column vc_column_container txt-centrado\"><div class=\"vc_column-inner\"><div class=\"wpb_text_column us_custom_de69c693\"><div class=\"wpb_wrapper\"><h3><strong>Cercos El\u00e9ctricos<\/strong><\/h3>\n<\/div><\/div><div class=\"w-separator size_small\"><\/div><div class=\"wpb_text_column us_custom_031668c7\"><div class=\"wpb_wrapper\"><p>Instalamos cercos el\u00e9ctricos para protecci\u00f3n perimetral, disuadiendo posibles intrusos.<\/p>\n<\/div><\/div><div class=\"w-separator size_small\"><\/div><div class=\"wpb_text_column us_custom_031668c7\"><div class=\"wpb_wrapper\"><div class=\"divtags\">\n<h1>Cercos El\u00e9ctricos<\/h1>\n<\/div>\n<\/div><\/div><\/div><\/div><div class=\"wpb_column vc_column_container\"><div class=\"vc_column-inner\"><div class=\"w-image align_none\"><div class=\"w-image-h\"><img decoding=\"async\" width=\"1024\" height=\"492\" data-src=\"https:\/\/hncom.cl\/wp-content\/uploads\/2024\/07\/CERCO-ELECTRICO-1-1024x492.jpg\" class=\"attachment-large size-large lazyload\" alt=\"\" data-srcset=\"https:\/\/hncom.cl\/wp-content\/uploads\/2024\/07\/CERCO-ELECTRICO-1-1024x492.jpg 1024w, https:\/\/hncom.cl\/wp-content\/uploads\/2024\/07\/CERCO-ELECTRICO-1-300x144.jpg 300w, https:\/\/hncom.cl\/wp-content\/uploads\/2024\/07\/CERCO-ELECTRICO-1-600x288.jpg 600w, https:\/\/hncom.cl\/wp-content\/uploads\/2024\/07\/CERCO-ELECTRICO-1.jpg 1500w\" data-sizes=\"auto, (max-width: 1024px) 100vw, 1024px\" src=\"data:image\/svg+xml;base64,PHN2ZyB3aWR0aD0iMSIgaGVpZ2h0PSIxIiB4bWxucz0iaHR0cDovL3d3dy53My5vcmcvMjAwMC9zdmciPjwvc3ZnPg==\" style=\"--smush-placeholder-width: 1024px; --smush-placeholder-aspect-ratio: 1024\/492;\" \/><\/div><\/div><\/div><\/div><\/div><\/div><\/section>\n","protected":false},"excerpt":{"rendered":"Plataforma Gesti\u00f3n de Radios y Reparaciones Nuestra plataforma avanzada permite gestionar eficientemente sus equipos de radio y realizar reparaciones r\u00e1pidas y efectivas. Para m\u00e1s informaci\u00f3n haz click aqu\u00edPlataforma de Gesti\u00f3n de Energ\u00eda Implementamos plataformas que permiten la gesti\u00f3n calculo eficiente de respaldos energ\u00e9ticos, de equipos\u00a0cr\u00edticos. Plataforma de Gesti\u00f3n de Energ\u00eda Proyectos PV Desarrollamos proyectos de...","protected":false},"author":3,"featured_media":0,"parent":0,"menu_order":0,"comment_status":"closed","ping_status":"closed","template":"","meta":{"footnotes":""},"class_list":["post-9786","page","type-page","status-publish","hentry"],"acf":[],"_links":{"self":[{"href":"https:\/\/hncom.cl\/index.php\/wp-json\/wp\/v2\/pages\/9786","targetHints":{"allow":["GET"]}}],"collection":[{"href":"https:\/\/hncom.cl\/index.php\/wp-json\/wp\/v2\/pages"}],"about":[{"href":"https:\/\/hncom.cl\/index.php\/wp-json\/wp\/v2\/types\/page"}],"author":[{"embeddable":true,"href":"https:\/\/hncom.cl\/index.php\/wp-json\/wp\/v2\/users\/3"}],"replies":[{"embeddable":true,"href":"https:\/\/hncom.cl\/index.php\/wp-json\/wp\/v2\/comments?post=9786"}],"version-history":[{"count":15,"href":"https:\/\/hncom.cl\/index.php\/wp-json\/wp\/v2\/pages\/9786\/revisions"}],"predecessor-version":[{"id":10178,"href":"https:\/\/hncom.cl\/index.php\/wp-json\/wp\/v2\/pages\/9786\/revisions\/10178"}],"wp:attachment":[{"href":"https:\/\/hncom.cl\/index.php\/wp-json\/wp\/v2\/media?parent=9786"}],"curies":[{"name":"wp","href":"https:\/\/api.w.org\/{rel}","templated":true}]}}