{"id":9442,"date":"2024-07-01T17:59:55","date_gmt":"2024-07-01T20:59:55","guid":{"rendered":"https:\/\/hncom.cl\/?page_id=9442"},"modified":"2024-10-08T09:07:37","modified_gmt":"2024-10-08T12:07:37","slug":"proyectos","status":"publish","type":"page","link":"https:\/\/hncom.cl\/index.php\/proyectos\/","title":{"rendered":"Proyectos IT"},"content":{"rendered":"<section class=\"l-section wpb_row height_custom\"><div class=\"l-section-h i-cf\"><div class=\"g-cols vc_row via_grid cols_2-1 laptops-cols_inherit tablets-cols_inherit mobiles-cols_1 valign_top type_default stacking_default\"><div class=\"wpb_column vc_column_container txt-centrado\"><div class=\"vc_column-inner\"><div class=\"wpb_text_column\"><div class=\"wpb_wrapper\"><h2><strong>Plataforma\u00a0Gesti\u00f3n\u00a0Activos y Servicios de IT<\/strong><\/h2>\n<\/div><\/div><div class=\"w-separator size_medium\"><\/div><div class=\"wpb_text_column\"><div class=\"wpb_wrapper\"><h5>Biblioteca, resumen de los proyectos, sin detalles, para que el cliente pueda encontrar referencias de los trabajos.<\/h5>\n<\/div><\/div><\/div><\/div><div class=\"wpb_column vc_column_container\"><div class=\"vc_column-inner\"><div class=\"w-separator size_small\"><\/div><div class=\"w-vwrapper us_custom_6b16ffcd align_center valign_middle\"><div class=\"w-separator size_medium\"><\/div><div class=\"wpb_text_column\"><div class=\"wpb_wrapper\"><h6 style=\"text-align: center;\">Para m\u00e1s informaci\u00f3n<\/h6>\n<\/div><\/div><div class=\"w-btn-wrapper align_center\"><a class=\"w-btn us-btn-style_1\" href=\"https:\/\/www.radioservice.cl\/\"><span class=\"w-btn-label\">haz click aqu\u00ed<\/span><\/a><\/div><div class=\"w-separator size_medium\"><\/div><\/div><\/div><\/div><\/div><\/div><\/section><section class=\"l-section wpb_row us_custom_fe9ce664 hide_on_tablets hide_on_mobiles height_custom\" id=\"Vista-PC\"><div class=\"l-section-h i-cf\"><div class=\"g-cols vc_row via_grid cols_2 laptops-cols_inherit tablets-cols_inherit mobiles-cols_1 valign_top type_default stacking_default\"><div class=\"wpb_column vc_column_container\"><div class=\"vc_column-inner\"><div class=\"w-image align_none\"><div class=\"w-image-h\"><img decoding=\"async\" width=\"366\" height=\"246\" data-src=\"https:\/\/hncom.cl\/wp-content\/uploads\/2024\/07\/Certificacion-de-puntos-de-red.png\" class=\"attachment-large size-large lazyload\" alt=\"\" data-srcset=\"https:\/\/hncom.cl\/wp-content\/uploads\/2024\/07\/Certificacion-de-puntos-de-red.png 366w, https:\/\/hncom.cl\/wp-content\/uploads\/2024\/07\/Certificacion-de-puntos-de-red-300x202.png 300w\" data-sizes=\"auto, (max-width: 366px) 100vw, 366px\" src=\"data:image\/svg+xml;base64,PHN2ZyB3aWR0aD0iMSIgaGVpZ2h0PSIxIiB4bWxucz0iaHR0cDovL3d3dy53My5vcmcvMjAwMC9zdmciPjwvc3ZnPg==\" style=\"--smush-placeholder-width: 366px; --smush-placeholder-aspect-ratio: 366\/246;\" \/><\/div><\/div><\/div><\/div><div class=\"wpb_column vc_column_container txt-centrado\"><div class=\"vc_column-inner\"><div class=\"wpb_text_column\"><div class=\"wpb_wrapper\"><h2><strong>Instalaci\u00f3n y Certificaci\u00f3n de Puntos de Red<\/strong><\/h2>\n<\/div><\/div><div class=\"w-separator size_small\"><\/div><div class=\"wpb_text_column\"><div class=\"wpb_wrapper\"><p>Realizamos la instalaci\u00f3n y certificaci\u00f3n de puntos de red para asegurar una conectividad \u00f3ptima.<\/p>\n<\/div><\/div><div class=\"w-separator size_small\"><\/div><div class=\"wpb_text_column\"><div class=\"wpb_wrapper\"><div class=\"divtags\">\n<h1>Instalaci\u00f3n y Certificaci\u00f3n de Puntos de Red<\/h1>\n<\/div>\n<\/div><\/div><\/div><\/div><\/div><\/div><\/section><section class=\"l-section wpb_row us_custom_fe9ce664 hide_on_default hide_on_laptops height_custom\" id=\"Vista-Movil\"><div class=\"l-section-h i-cf\"><div class=\"g-cols vc_row via_grid cols_2 laptops-cols_inherit tablets-cols_inherit mobiles-cols_1 valign_top type_default stacking_default\"><div class=\"wpb_column vc_column_container txt-centrado\"><div class=\"vc_column-inner\"><div class=\"wpb_text_column\"><div class=\"wpb_wrapper\"><h2><strong>Instalaci\u00f3n y Certificaci\u00f3n de Puntos de Red<\/strong><\/h2>\n<\/div><\/div><div class=\"w-separator size_small\"><\/div><div class=\"wpb_text_column\"><div class=\"wpb_wrapper\"><p>Realizamos la instalaci\u00f3n y certificaci\u00f3n de puntos de red para asegurar una conectividad \u00f3ptima.<\/p>\n<\/div><\/div><div class=\"w-separator size_small\"><\/div><div class=\"wpb_text_column\"><div class=\"wpb_wrapper\"><div class=\"divtags\">\n<h1>Instalaci\u00f3n y Certificaci\u00f3n de Puntos de Red<\/h1>\n<\/div>\n<\/div><\/div><\/div><\/div><div class=\"wpb_column vc_column_container\"><div class=\"vc_column-inner\"><div class=\"w-image align_none\"><div class=\"w-image-h\"><img decoding=\"async\" width=\"366\" height=\"246\" data-src=\"https:\/\/hncom.cl\/wp-content\/uploads\/2024\/07\/Certificacion-de-puntos-de-red.png\" class=\"attachment-large size-large lazyload\" alt=\"\" data-srcset=\"https:\/\/hncom.cl\/wp-content\/uploads\/2024\/07\/Certificacion-de-puntos-de-red.png 366w, https:\/\/hncom.cl\/wp-content\/uploads\/2024\/07\/Certificacion-de-puntos-de-red-300x202.png 300w\" data-sizes=\"auto, (max-width: 366px) 100vw, 366px\" src=\"data:image\/svg+xml;base64,PHN2ZyB3aWR0aD0iMSIgaGVpZ2h0PSIxIiB4bWxucz0iaHR0cDovL3d3dy53My5vcmcvMjAwMC9zdmciPjwvc3ZnPg==\" style=\"--smush-placeholder-width: 366px; --smush-placeholder-aspect-ratio: 366\/246;\" \/><\/div><\/div><\/div><\/div><\/div><\/div><\/section><section class=\"l-section wpb_row height_custom\"><div class=\"l-section-h i-cf\"><div class=\"g-cols vc_row via_grid cols_2 laptops-cols_inherit tablets-cols_inherit mobiles-cols_1 valign_top type_default stacking_default\"><div class=\"wpb_column vc_column_container txt-centrado\"><div class=\"vc_column-inner\"><div class=\"wpb_text_column\"><div class=\"wpb_wrapper\"><h2><strong>Implementaci\u00f3n de Sistemas de Gesti\u00f3n de Redes (NMS)<\/strong><\/h2>\n<\/div><\/div><div class=\"w-separator size_small\"><\/div><div class=\"wpb_text_column\"><div class=\"wpb_wrapper\"><p>Implementamos sistemas NMS que permiten la gesti\u00f3n centralizada y eficiente de su red.<\/p>\n<\/div><\/div><div class=\"w-separator size_small\"><\/div><div class=\"wpb_text_column\"><div class=\"wpb_wrapper\"><div class=\"divtags\">\n<h1>Implementaci\u00f3n de Sistemas de Gesti\u00f3n de Redes (NMS)<\/h1>\n<\/div>\n<\/div><\/div><\/div><\/div><div class=\"wpb_column vc_column_container\"><div class=\"vc_column-inner\"><div class=\"w-image align_none\"><div class=\"w-image-h\"><img decoding=\"async\" width=\"1024\" height=\"576\" data-src=\"https:\/\/hncom.cl\/wp-content\/uploads\/2024\/07\/IMG-20231019-WA0020.jpg\" class=\"attachment-large size-large lazyload\" alt=\"\" data-srcset=\"https:\/\/hncom.cl\/wp-content\/uploads\/2024\/07\/IMG-20231019-WA0020.jpg 1024w, https:\/\/hncom.cl\/wp-content\/uploads\/2024\/07\/IMG-20231019-WA0020-300x169.jpg 300w, https:\/\/hncom.cl\/wp-content\/uploads\/2024\/07\/IMG-20231019-WA0020-600x338.jpg 600w\" data-sizes=\"auto, (max-width: 1024px) 100vw, 1024px\" src=\"data:image\/svg+xml;base64,PHN2ZyB3aWR0aD0iMSIgaGVpZ2h0PSIxIiB4bWxucz0iaHR0cDovL3d3dy53My5vcmcvMjAwMC9zdmciPjwvc3ZnPg==\" style=\"--smush-placeholder-width: 1024px; --smush-placeholder-aspect-ratio: 1024\/576;\" \/><\/div><\/div><\/div><\/div><\/div><\/div><\/section><section class=\"l-section wpb_row us_custom_fe9ce664 hide_on_tablets hide_on_mobiles height_custom\" id=\"Vista-PC\"><div class=\"l-section-h i-cf\"><div class=\"g-cols vc_row via_grid cols_2 laptops-cols_inherit tablets-cols_inherit mobiles-cols_1 valign_top type_default stacking_default\"><div class=\"wpb_column vc_column_container\"><div class=\"vc_column-inner\"><div class=\"w-image align_none\"><div class=\"w-image-h\"><img decoding=\"async\" width=\"820\" height=\"620\" data-src=\"https:\/\/hncom.cl\/wp-content\/uploads\/2024\/07\/file_20190609125326.jpg\" class=\"attachment-large size-large lazyload\" alt=\"\" data-srcset=\"https:\/\/hncom.cl\/wp-content\/uploads\/2024\/07\/file_20190609125326.jpg 820w, https:\/\/hncom.cl\/wp-content\/uploads\/2024\/07\/file_20190609125326-300x227.jpg 300w, https:\/\/hncom.cl\/wp-content\/uploads\/2024\/07\/file_20190609125326-600x454.jpg 600w\" data-sizes=\"auto, (max-width: 820px) 100vw, 820px\" src=\"data:image\/svg+xml;base64,PHN2ZyB3aWR0aD0iMSIgaGVpZ2h0PSIxIiB4bWxucz0iaHR0cDovL3d3dy53My5vcmcvMjAwMC9zdmciPjwvc3ZnPg==\" style=\"--smush-placeholder-width: 820px; --smush-placeholder-aspect-ratio: 820\/620;\" \/><\/div><\/div><\/div><\/div><div class=\"wpb_column vc_column_container txt-centrado\"><div class=\"vc_column-inner\"><div class=\"wpb_text_column\"><div class=\"wpb_wrapper\"><h2><strong>Instalaci\u00f3n de Redes de Internet<br \/>\n<\/strong><\/h2>\n<\/div><\/div><div class=\"w-separator size_small\"><\/div><div class=\"wpb_text_column\"><div class=\"wpb_wrapper\"><p>Proveemos servicios completos de instalaci\u00f3n de redes de internet, desde el dise\u00f1o hasta la implementaci\u00f3n.<\/p>\n<\/div><\/div><div class=\"w-separator size_small\"><\/div><div class=\"wpb_text_column\"><div class=\"wpb_wrapper\"><div class=\"divtags\">\n<h1>Instalaci\u00f3n de Redes de Internet<\/h1>\n<\/div>\n<\/div><\/div><\/div><\/div><\/div><\/div><\/section><section class=\"l-section wpb_row us_custom_fe9ce664 hide_on_default hide_on_laptops height_custom\" id=\"Vista-Movil\"><div class=\"l-section-h i-cf\"><div class=\"g-cols vc_row via_grid cols_2 laptops-cols_inherit tablets-cols_inherit mobiles-cols_1 valign_top type_default stacking_default\"><div class=\"wpb_column vc_column_container txt-centrado\"><div class=\"vc_column-inner\"><div class=\"wpb_text_column\"><div class=\"wpb_wrapper\"><h2><strong>Instalaci\u00f3n de Redes de Internet<br \/>\n<\/strong><\/h2>\n<\/div><\/div><div class=\"w-separator size_small\"><\/div><div class=\"wpb_text_column\"><div class=\"wpb_wrapper\"><p>Proveemos servicios completos de instalaci\u00f3n de redes de internet, desde el dise\u00f1o hasta la implementaci\u00f3n.<\/p>\n<\/div><\/div><div class=\"w-separator size_small\"><\/div><div class=\"wpb_text_column\"><div class=\"wpb_wrapper\"><div class=\"divtags\">\n<h1>Instalaci\u00f3n de Redes de Internet<\/h1>\n<\/div>\n<\/div><\/div><\/div><\/div><div class=\"wpb_column vc_column_container\"><div class=\"vc_column-inner\"><div class=\"w-image align_none\"><div class=\"w-image-h\"><img decoding=\"async\" width=\"820\" height=\"620\" data-src=\"https:\/\/hncom.cl\/wp-content\/uploads\/2024\/07\/file_20190609125326.jpg\" class=\"attachment-large size-large lazyload\" alt=\"\" data-srcset=\"https:\/\/hncom.cl\/wp-content\/uploads\/2024\/07\/file_20190609125326.jpg 820w, https:\/\/hncom.cl\/wp-content\/uploads\/2024\/07\/file_20190609125326-300x227.jpg 300w, https:\/\/hncom.cl\/wp-content\/uploads\/2024\/07\/file_20190609125326-600x454.jpg 600w\" data-sizes=\"auto, (max-width: 820px) 100vw, 820px\" src=\"data:image\/svg+xml;base64,PHN2ZyB3aWR0aD0iMSIgaGVpZ2h0PSIxIiB4bWxucz0iaHR0cDovL3d3dy53My5vcmcvMjAwMC9zdmciPjwvc3ZnPg==\" style=\"--smush-placeholder-width: 820px; --smush-placeholder-aspect-ratio: 820\/620;\" \/><\/div><\/div><\/div><\/div><\/div><\/div><\/section><section class=\"l-section wpb_row height_custom\"><div class=\"l-section-h i-cf\"><div class=\"g-cols vc_row via_grid cols_2 laptops-cols_inherit tablets-cols_inherit mobiles-cols_1 valign_top type_default stacking_default\"><div class=\"wpb_column vc_column_container txt-centrado\"><div class=\"vc_column-inner\"><div class=\"wpb_text_column\"><div class=\"wpb_wrapper\"><h2><strong>Data Center<\/strong><\/h2>\n<\/div><\/div><div class=\"w-separator size_small\"><\/div><div class=\"wpb_text_column\"><div class=\"wpb_wrapper\"><p style=\"text-align: left;\">Proveemos servicios completos de instalaci\u00f3n de redes de internet, desde el dise\u00f1o hasta la implementaci\u00f3n.<\/p>\n<\/div><\/div><\/div><\/div><div class=\"wpb_column vc_column_container\"><div class=\"vc_column-inner\"><div class=\"w-image align_center\"><div class=\"w-image-h\"><img decoding=\"async\" width=\"800\" height=\"368\" data-src=\"https:\/\/hncom.cl\/wp-content\/uploads\/2024\/07\/Data-Center-Tiers.jpg\" class=\"attachment-full size-full lazyload\" alt=\"\" data-srcset=\"https:\/\/hncom.cl\/wp-content\/uploads\/2024\/07\/Data-Center-Tiers.jpg 800w, https:\/\/hncom.cl\/wp-content\/uploads\/2024\/07\/Data-Center-Tiers-300x138.jpg 300w, https:\/\/hncom.cl\/wp-content\/uploads\/2024\/07\/Data-Center-Tiers-600x276.jpg 600w\" data-sizes=\"auto, (max-width: 800px) 100vw, 800px\" src=\"data:image\/svg+xml;base64,PHN2ZyB3aWR0aD0iMSIgaGVpZ2h0PSIxIiB4bWxucz0iaHR0cDovL3d3dy53My5vcmcvMjAwMC9zdmciPjwvc3ZnPg==\" style=\"--smush-placeholder-width: 800px; --smush-placeholder-aspect-ratio: 800\/368;\" \/><\/div><\/div><\/div><\/div><\/div><\/div><\/section><section class=\"l-section wpb_row us_custom_fe9ce664 hide_on_tablets hide_on_mobiles height_custom\"><div class=\"l-section-h i-cf\"><div class=\"g-cols vc_row via_grid cols_2 laptops-cols_inherit tablets-cols_inherit mobiles-cols_1 valign_top type_default stacking_default\"><div class=\"wpb_column vc_column_container\"><div class=\"vc_column-inner\"><div class=\"w-image align_none\"><div class=\"w-image-h\"><img decoding=\"async\" width=\"660\" height=\"330\" data-src=\"https:\/\/hncom.cl\/wp-content\/uploads\/2024\/07\/desktop_feadce0c-9d61-49a4-bca4-05916188de97.png\" class=\"attachment-large size-large lazyload\" alt=\"\" data-srcset=\"https:\/\/hncom.cl\/wp-content\/uploads\/2024\/07\/desktop_feadce0c-9d61-49a4-bca4-05916188de97.png 660w, https:\/\/hncom.cl\/wp-content\/uploads\/2024\/07\/desktop_feadce0c-9d61-49a4-bca4-05916188de97-300x150.png 300w, https:\/\/hncom.cl\/wp-content\/uploads\/2024\/07\/desktop_feadce0c-9d61-49a4-bca4-05916188de97-600x300.png 600w\" data-sizes=\"auto, (max-width: 660px) 100vw, 660px\" src=\"data:image\/svg+xml;base64,PHN2ZyB3aWR0aD0iMSIgaGVpZ2h0PSIxIiB4bWxucz0iaHR0cDovL3d3dy53My5vcmcvMjAwMC9zdmciPjwvc3ZnPg==\" style=\"--smush-placeholder-width: 660px; --smush-placeholder-aspect-ratio: 660\/330;\" \/><\/div><\/div><\/div><\/div><div class=\"wpb_column vc_column_container txt-centrado\"><div class=\"vc_column-inner\"><div class=\"wpb_text_column\"><div class=\"wpb_wrapper\"><h2><strong>Soporte y Mantenci\u00f3n de Sitios de Comunicaciones<\/strong><\/h2>\n<\/div><\/div><div class=\"w-separator size_small\"><\/div><div class=\"wpb_text_column\"><div class=\"wpb_wrapper\"><p style=\"text-align: left;\">Ofrecemos soporte continuo y mantenimiento para asegurar el funcionamiento ininterrumpido de sus sitios de comunicaciones.<\/p>\n<\/div><\/div><\/div><\/div><\/div><\/div><\/section><section class=\"l-section wpb_row us_custom_fe9ce664 hide_on_default hide_on_laptops height_custom\"><div class=\"l-section-h i-cf\"><div class=\"g-cols vc_row via_grid cols_2 laptops-cols_inherit tablets-cols_inherit mobiles-cols_1 valign_top type_default stacking_default\"><div class=\"wpb_column vc_column_container txt-centrado\"><div class=\"vc_column-inner\"><div class=\"wpb_text_column\"><div class=\"wpb_wrapper\"><h2><strong>Soporte y Mantenci\u00f3n de Sitios de Comunicaciones<\/strong><\/h2>\n<\/div><\/div><div class=\"w-separator size_small\"><\/div><div class=\"wpb_text_column\"><div class=\"wpb_wrapper\"><p style=\"text-align: left;\">Ofrecemos soporte continuo y mantenimiento para asegurar el funcionamiento ininterrumpido de sus sitios de comunicaciones.<\/p>\n<\/div><\/div><\/div><\/div><div class=\"wpb_column vc_column_container\"><div class=\"vc_column-inner\"><div class=\"w-image align_none\"><div class=\"w-image-h\"><img decoding=\"async\" width=\"660\" height=\"330\" data-src=\"https:\/\/hncom.cl\/wp-content\/uploads\/2024\/07\/desktop_feadce0c-9d61-49a4-bca4-05916188de97.png\" class=\"attachment-large size-large lazyload\" alt=\"\" data-srcset=\"https:\/\/hncom.cl\/wp-content\/uploads\/2024\/07\/desktop_feadce0c-9d61-49a4-bca4-05916188de97.png 660w, https:\/\/hncom.cl\/wp-content\/uploads\/2024\/07\/desktop_feadce0c-9d61-49a4-bca4-05916188de97-300x150.png 300w, https:\/\/hncom.cl\/wp-content\/uploads\/2024\/07\/desktop_feadce0c-9d61-49a4-bca4-05916188de97-600x300.png 600w\" data-sizes=\"auto, (max-width: 660px) 100vw, 660px\" src=\"data:image\/svg+xml;base64,PHN2ZyB3aWR0aD0iMSIgaGVpZ2h0PSIxIiB4bWxucz0iaHR0cDovL3d3dy53My5vcmcvMjAwMC9zdmciPjwvc3ZnPg==\" style=\"--smush-placeholder-width: 660px; --smush-placeholder-aspect-ratio: 660\/330;\" \/><\/div><\/div><\/div><\/div><\/div><\/div><\/section>\n","protected":false},"excerpt":{"rendered":"Plataforma\u00a0Gesti\u00f3n\u00a0Activos y Servicios de IT Biblioteca, resumen de los proyectos, sin detalles, para que el cliente pueda encontrar referencias de los trabajos. Para m\u00e1s informaci\u00f3n haz click aqu\u00edInstalaci\u00f3n y Certificaci\u00f3n de Puntos de Red Realizamos la instalaci\u00f3n y certificaci\u00f3n de puntos de red para asegurar una conectividad \u00f3ptima. Instalaci\u00f3n y Certificaci\u00f3n de Puntos de Red...","protected":false},"author":3,"featured_media":0,"parent":0,"menu_order":0,"comment_status":"closed","ping_status":"closed","template":"","meta":{"footnotes":""},"class_list":["post-9442","page","type-page","status-publish","hentry"],"acf":[],"_links":{"self":[{"href":"https:\/\/hncom.cl\/index.php\/wp-json\/wp\/v2\/pages\/9442","targetHints":{"allow":["GET"]}}],"collection":[{"href":"https:\/\/hncom.cl\/index.php\/wp-json\/wp\/v2\/pages"}],"about":[{"href":"https:\/\/hncom.cl\/index.php\/wp-json\/wp\/v2\/types\/page"}],"author":[{"embeddable":true,"href":"https:\/\/hncom.cl\/index.php\/wp-json\/wp\/v2\/users\/3"}],"replies":[{"embeddable":true,"href":"https:\/\/hncom.cl\/index.php\/wp-json\/wp\/v2\/comments?post=9442"}],"version-history":[{"count":19,"href":"https:\/\/hncom.cl\/index.php\/wp-json\/wp\/v2\/pages\/9442\/revisions"}],"predecessor-version":[{"id":9565,"href":"https:\/\/hncom.cl\/index.php\/wp-json\/wp\/v2\/pages\/9442\/revisions\/9565"}],"wp:attachment":[{"href":"https:\/\/hncom.cl\/index.php\/wp-json\/wp\/v2\/media?parent=9442"}],"curies":[{"name":"wp","href":"https:\/\/api.w.org\/{rel}","templated":true}]}}