{"id":9394,"date":"2024-07-01T13:43:07","date_gmt":"2024-07-01T16:43:07","guid":{"rendered":"https:\/\/hncom.cl\/?page_id=9394"},"modified":"2024-10-09T10:04:08","modified_gmt":"2024-10-09T13:04:08","slug":"servicio-post-venta","status":"publish","type":"page","link":"https:\/\/hncom.cl\/index.php\/radios\/servicio-post-venta\/","title":{"rendered":"Servicio Post Venta"},"content":{"rendered":"<section class=\"l-section wpb_row height_custom\"><div class=\"l-section-h i-cf\"><div class=\"g-cols vc_row via_grid cols_2-1 laptops-cols_inherit tablets-cols_inherit mobiles-cols_1 valign_top type_default stacking_default\"><div class=\"wpb_column vc_column_container txt-centrado\"><div class=\"vc_column-inner\"><div class=\"wpb_text_column\"><div class=\"wpb_wrapper\"><h5 style=\"text-align: justify;\">Nuestro equipo de post venta para el Arriendo Radios Motorola HNCOM brinda atenci\u00f3n personalizada, asegurando la continuidad operativa de nuestros clientes.<\/h5>\n<ul>\n<li>\n<h5 style=\"text-align: justify;\">Capacitaci\u00f3n y asesor\u00edas para clientes<\/h5>\n<\/li>\n<\/ul>\n<\/div><\/div><\/div><\/div><div class=\"wpb_column vc_column_container\"><div class=\"vc_column-inner\"><div class=\"w-vwrapper us_custom_6b16ffcd align_center valign_middle\"><div class=\"w-separator size_medium\"><\/div><div class=\"wpb_text_column\"><div class=\"wpb_wrapper\"><h5 style=\"text-align: center;\">Para m\u00e1s informaci\u00f3n<\/h5>\n<\/div><\/div><div class=\"w-btn-wrapper align_center\"><a class=\"w-btn us-btn-style_1\" href=\"https:\/\/www.radioservice.cl\/\"><span class=\"w-btn-label\">haz click aqu\u00ed<\/span><\/a><\/div><div class=\"w-separator size_medium\"><\/div><\/div><\/div><\/div><\/div><\/div><\/section>\n","protected":false},"excerpt":{"rendered":"Nuestro equipo de post venta para el Arriendo Radios Motorola HNCOM brinda atenci\u00f3n personalizada, asegurando la continuidad operativa de nuestros clientes. Capacitaci\u00f3n y asesor\u00edas para clientes Para m\u00e1s informaci\u00f3n haz click aqu\u00ed","protected":false},"author":3,"featured_media":9763,"parent":9353,"menu_order":0,"comment_status":"closed","ping_status":"closed","template":"","meta":{"footnotes":""},"class_list":["post-9394","page","type-page","status-publish","has-post-thumbnail","hentry"],"acf":[],"_links":{"self":[{"href":"https:\/\/hncom.cl\/index.php\/wp-json\/wp\/v2\/pages\/9394","targetHints":{"allow":["GET"]}}],"collection":[{"href":"https:\/\/hncom.cl\/index.php\/wp-json\/wp\/v2\/pages"}],"about":[{"href":"https:\/\/hncom.cl\/index.php\/wp-json\/wp\/v2\/types\/page"}],"author":[{"embeddable":true,"href":"https:\/\/hncom.cl\/index.php\/wp-json\/wp\/v2\/users\/3"}],"replies":[{"embeddable":true,"href":"https:\/\/hncom.cl\/index.php\/wp-json\/wp\/v2\/comments?post=9394"}],"version-history":[{"count":8,"href":"https:\/\/hncom.cl\/index.php\/wp-json\/wp\/v2\/pages\/9394\/revisions"}],"predecessor-version":[{"id":10163,"href":"https:\/\/hncom.cl\/index.php\/wp-json\/wp\/v2\/pages\/9394\/revisions\/10163"}],"up":[{"embeddable":true,"href":"https:\/\/hncom.cl\/index.php\/wp-json\/wp\/v2\/pages\/9353"}],"wp:featuredmedia":[{"embeddable":true,"href":"https:\/\/hncom.cl\/index.php\/wp-json\/wp\/v2\/media\/9763"}],"wp:attachment":[{"href":"https:\/\/hncom.cl\/index.php\/wp-json\/wp\/v2\/media?parent=9394"}],"curies":[{"name":"wp","href":"https:\/\/api.w.org\/{rel}","templated":true}]}}