{"id":10078,"date":"2024-10-07T15:46:41","date_gmt":"2024-10-07T18:46:41","guid":{"rendered":"https:\/\/hncom.cl\/?page_id=10078"},"modified":"2024-10-09T13:23:57","modified_gmt":"2024-10-09T16:23:57","slug":"trabaja-con-nosotros","status":"publish","type":"page","link":"https:\/\/hncom.cl\/index.php\/trabaja-con-nosotros\/","title":{"rendered":"Trabaja con nosotros"},"content":{"rendered":"<section class=\"l-section wpb_row height_custom with_img\"><div class=\"l-section-img lazyload\" role=\"img\" data-img-width=\"1202\" data-img-height=\"590\" style=\"background-image:inherit;background-repeat: no-repeat;\" data-bg-image=\"url(https:\/\/hncom.cl\/wp-content\/uploads\/2024\/07\/servicio-de-mantenimiento.webp)\"><\/div><div class=\"l-section-overlay\" style=\"background:rgba(0,42,80,0.60)\"><\/div><div class=\"l-section-h i-cf\"><div class=\"g-cols vc_row via_grid cols_custom laptops-cols_inherit tablets-cols_inherit mobiles-cols_1 valign_top type_default stacking_default\" style=\"--custom-columns:1fr 4fr 1fr \"><div class=\"wpb_column vc_column_container\"><div class=\"vc_column-inner\"><\/div><\/div><div class=\"wpb_column vc_column_container us_custom_03e248a6 has_bg_color\"><div class=\"vc_column-inner\"><div class=\"w-separator size_medium\"><\/div><div class=\"wpb_text_column\"><div class=\"wpb_wrapper\"><h1 style=\"text-align: center;\"><strong>Curr\u00edculum<\/strong><\/h1>\n<\/div><\/div><div class=\"w-separator size_medium\"><\/div><div class=\"wpb_text_column\"><div class=\"wpb_wrapper\">\n<div class=\"wpcf7 no-js\" id=\"wpcf7-f10081-o1\" lang=\"es-ES\" dir=\"ltr\" data-wpcf7-id=\"10081\">\n<div class=\"screen-reader-response\"><p role=\"status\" aria-live=\"polite\" aria-atomic=\"true\"><\/p> <ul><\/ul><\/div>\n<form action=\"\/index.php\/wp-json\/wp\/v2\/pages\/10078#wpcf7-f10081-o1\" method=\"post\" class=\"wpcf7-form init\" aria-label=\"Formulario de contacto\" enctype=\"multipart\/form-data\" novalidate=\"novalidate\" data-status=\"init\">\n<fieldset class=\"hidden-fields-container\"><input type=\"hidden\" name=\"_wpcf7\" value=\"10081\" \/><input type=\"hidden\" name=\"_wpcf7_version\" value=\"6.1.5\" \/><input type=\"hidden\" name=\"_wpcf7_locale\" value=\"es_ES\" \/><input type=\"hidden\" name=\"_wpcf7_unit_tag\" value=\"wpcf7-f10081-o1\" \/><input type=\"hidden\" name=\"_wpcf7_container_post\" value=\"0\" \/><input type=\"hidden\" name=\"_wpcf7_posted_data_hash\" value=\"\" \/><input type=\"hidden\" name=\"_wpcf7_recaptcha_response\" value=\"\" \/>\n<\/fieldset>\n<p><label> <span class=\"form-label\">Nombre<\/span><br \/>\n<span class=\"wpcf7-form-control-wrap\" data-name=\"your-name\"><input size=\"40\" maxlength=\"400\" class=\"wpcf7-form-control wpcf7-text wpcf7-validates-as-required\" autocomplete=\"name\" aria-required=\"true\" aria-invalid=\"false\" value=\"\" type=\"text\" name=\"your-name\" \/><\/span> <\/label>\n<\/p>\n<p><label> <span class=\"form-label\">Correo<\/span><br \/>\n<span class=\"wpcf7-form-control-wrap\" data-name=\"your-email\"><input size=\"40\" maxlength=\"400\" class=\"wpcf7-form-control wpcf7-email wpcf7-validates-as-required wpcf7-text wpcf7-validates-as-email\" autocomplete=\"email\" aria-required=\"true\" aria-invalid=\"false\" value=\"\" type=\"email\" name=\"your-email\" \/><\/span> <\/label>\n<\/p>\n<p><label> <span class=\"form-label\">Tel\u00e9fono<\/span><br \/>\n<span class=\"wpcf7-form-control-wrap\" data-name=\"telefono\"><input size=\"40\" maxlength=\"400\" class=\"wpcf7-form-control wpcf7-tel wpcf7-validates-as-required wpcf7-text wpcf7-validates-as-tel\" aria-required=\"true\" aria-invalid=\"false\" value=\"\" type=\"tel\" name=\"telefono\" \/><\/span> <\/label>\n<\/p>\n<p><label> <span class=\"form-label\">Curriculum<\/span><br \/>\n<span class=\"wpcf7-form-control-wrap\" data-name=\"currculum\"><input size=\"40\" class=\"wpcf7-form-control wpcf7-file wpcf7-validates-as-required\" accept=\".pdf\" aria-required=\"true\" aria-invalid=\"false\" type=\"file\" name=\"currculum\" \/><\/span> <\/label>\n<\/p>\n<p><label> <span class=\"form-label\">Estudios o experiencia en<\/span><br \/>\n<span class=\"wpcf7-form-control-wrap\" data-name=\"areas-trabajo\"><span class=\"wpcf7-form-control wpcf7-checkbox wpcf7-validates-as-required\"><span class=\"wpcf7-list-item first\"><label><input type=\"checkbox\" name=\"areas-trabajo[]\" value=\"Radios\" \/><span class=\"wpcf7-list-item-label\">Radios<\/span><\/label><\/span><span class=\"wpcf7-list-item\"><label><input type=\"checkbox\" name=\"areas-trabajo[]\" value=\"Conectividad y Redes\" \/><span class=\"wpcf7-list-item-label\">Conectividad y Redes<\/span><\/label><\/span><span class=\"wpcf7-list-item\"><label><input type=\"checkbox\" name=\"areas-trabajo[]\" value=\"Proyectos IT\" \/><span class=\"wpcf7-list-item-label\">Proyectos IT<\/span><\/label><\/span><span class=\"wpcf7-list-item\"><label><input type=\"checkbox\" name=\"areas-trabajo[]\" value=\"Energ\u00eda\" \/><span class=\"wpcf7-list-item-label\">Energ\u00eda<\/span><\/label><\/span><span class=\"wpcf7-list-item last\"><label><input type=\"checkbox\" name=\"areas-trabajo[]\" value=\"Infraestructura IT\" \/><span class=\"wpcf7-list-item-label\">Infraestructura IT<\/span><\/label><\/span><\/span><\/span> <\/label>\n<\/p>\n<p><input class=\"wpcf7-form-control wpcf7-submit has-spinner btn-enviar\" type=\"submit\" value=\"Enviar\" \/>\n<\/p><p style=\"display: none !important;\" class=\"akismet-fields-container\" data-prefix=\"_wpcf7_ak_\"><label>&#916;<textarea name=\"_wpcf7_ak_hp_textarea\" cols=\"45\" rows=\"8\" maxlength=\"100\"><\/textarea><\/label><input type=\"hidden\" id=\"ak_js_1\" name=\"_wpcf7_ak_js\" value=\"104\"\/><script>document.getElementById( \"ak_js_1\" ).setAttribute( \"value\", ( new Date() ).getTime() );<\/script><\/p><div class=\"wpcf7-response-output\" aria-hidden=\"true\"><\/div>\n<\/form>\n<\/div>\n\n<\/div><\/div><\/div><\/div><div class=\"wpb_column vc_column_container\"><div class=\"vc_column-inner\"><\/div><\/div><\/div><\/div><\/section>\n","protected":false},"excerpt":{"rendered":"Curr\u00edculum Nombre Correo Tel\u00e9fono Curriculum Estudios o experiencia en RadiosConectividad y RedesProyectos ITEnerg\u00edaInfraestructura IT &#916;","protected":false},"author":3,"featured_media":0,"parent":0,"menu_order":0,"comment_status":"closed","ping_status":"closed","template":"","meta":{"footnotes":""},"class_list":["post-10078","page","type-page","status-publish","hentry"],"acf":[],"_links":{"self":[{"href":"https:\/\/hncom.cl\/index.php\/wp-json\/wp\/v2\/pages\/10078","targetHints":{"allow":["GET"]}}],"collection":[{"href":"https:\/\/hncom.cl\/index.php\/wp-json\/wp\/v2\/pages"}],"about":[{"href":"https:\/\/hncom.cl\/index.php\/wp-json\/wp\/v2\/types\/page"}],"author":[{"embeddable":true,"href":"https:\/\/hncom.cl\/index.php\/wp-json\/wp\/v2\/users\/3"}],"replies":[{"embeddable":true,"href":"https:\/\/hncom.cl\/index.php\/wp-json\/wp\/v2\/comments?post=10078"}],"version-history":[{"count":11,"href":"https:\/\/hncom.cl\/index.php\/wp-json\/wp\/v2\/pages\/10078\/revisions"}],"predecessor-version":[{"id":10182,"href":"https:\/\/hncom.cl\/index.php\/wp-json\/wp\/v2\/pages\/10078\/revisions\/10182"}],"wp:attachment":[{"href":"https:\/\/hncom.cl\/index.php\/wp-json\/wp\/v2\/media?parent=10078"}],"curies":[{"name":"wp","href":"https:\/\/api.w.org\/{rel}","templated":true}]}}